{"id":22,"date":"2016-07-26T21:14:49","date_gmt":"2016-07-26T19:14:49","guid":{"rendered":"http:\/\/www.biesdorf.de\/blog\/?page_id=22"},"modified":"2016-07-29T22:19:08","modified_gmt":"2016-07-29T20:19:08","slug":"ueber-mich","status":"publish","type":"page","link":"http:\/\/www.biesdorf.de\/blog\/ueber-mich\/","title":{"rendered":"\u00dcber mich"},"content":{"rendered":"<p>Mein BWL Studium ist nicht wirklich hilfreich f\u00fcr erfolgreiche Gartenarbeit \u2013 ausgenommen beim Erbsenz\u00e4hlen vielleicht.<br \/>\nAber vermutlich liegt es auch an meinem Beruf, dass ich Gartenarbeit zum Ausgleich brauche und sehr gerne in meiner Freizeit mit den H\u00e4nden in der Erde w\u00fchle und etwas Neues gestalte.<img loading=\"lazy\" class=\"size-medium wp-image-50 alignright\" src=\"http:\/\/www.biesdorf.de\/blog\/wp-content\/uploads\/2016\/07\/19062010609-Kopie-300x225.jpg\" alt=\"19062010609-Kopie\" width=\"300\" height=\"225\" srcset=\"http:\/\/www.biesdorf.de\/blog\/wp-content\/uploads\/2016\/07\/19062010609-Kopie-300x225.jpg 300w, http:\/\/www.biesdorf.de\/blog\/wp-content\/uploads\/2016\/07\/19062010609-Kopie-768x576.jpg 768w, http:\/\/www.biesdorf.de\/blog\/wp-content\/uploads\/2016\/07\/19062010609-Kopie-1024x768.jpg 1024w, http:\/\/www.biesdorf.de\/blog\/wp-content\/uploads\/2016\/07\/19062010609-Kopie-175x131.jpg 175w, http:\/\/www.biesdorf.de\/blog\/wp-content\/uploads\/2016\/07\/19062010609-Kopie-667x500.jpg 667w, http:\/\/www.biesdorf.de\/blog\/wp-content\/uploads\/2016\/07\/19062010609-Kopie.jpg 1440w\" sizes=\"(max-width: 300px) 100vw, 300px\" \/><br \/>\nNeben Familie und Beruf bleibt nicht ganz so viel Freizeit, deshalb muss bei mir vor allem vieles schnell und pragmatisch gehen. Mein Garten darf also auch ein bisschen wild und unperfekt sein \u2013 f\u00fcr Perfektionismus habe ich keine Zeit (und auch keine Lust).<br \/>\nMeine Ideen setze ich immer relativ spontan in die Tat um, ohne mir dabei vorher einen Plan zu machen. Ich habe so grob vor Augen, wie es werden soll und dann geht\u2019s los. Das hat zur Folge, dass vermeintlich fertige Bereiche dann doch nach mal im Nachgang optimiert werden \u2013 aber fertig wird man im Garten ja sowieso nie.<br \/>\n<img loading=\"lazy\" class=\"size-medium wp-image-71 alignleft\" src=\"http:\/\/www.biesdorf.de\/blog\/wp-content\/uploads\/2016\/07\/IMG_6237-Kopie-300x200.jpg\" alt=\"IMG_6237-Kopie\" width=\"300\" height=\"200\" srcset=\"http:\/\/www.biesdorf.de\/blog\/wp-content\/uploads\/2016\/07\/IMG_6237-Kopie-300x200.jpg 300w, http:\/\/www.biesdorf.de\/blog\/wp-content\/uploads\/2016\/07\/IMG_6237-Kopie-768x512.jpg 768w, http:\/\/www.biesdorf.de\/blog\/wp-content\/uploads\/2016\/07\/IMG_6237-Kopie-1024x683.jpg 1024w, http:\/\/www.biesdorf.de\/blog\/wp-content\/uploads\/2016\/07\/IMG_6237-Kopie-750x500.jpg 750w, http:\/\/www.biesdorf.de\/blog\/wp-content\/uploads\/2016\/07\/IMG_6237-Kopie.jpg 1620w\" sizes=\"(max-width: 300px) 100vw, 300px\" \/>Mit Fachwissen kann ich daher auch nicht gl\u00e4nzen \u2013 es gibt bei mir in der Regel zwei Variationen f\u00fcr Pflanzen: Klappt oder klappt nicht. Nat\u00fcrlich orientiere ich mich grob an vorgeschriebenen Standortangaben, aber auch hier probiere ich das einfach oft aus. Da wir gl\u00fccklicher Weise reichlich mit Ablegern von Familie und Freunden versorgt werden, kann ich solche Versuche auch mit gutem Gewissen durchf\u00fchren.<br \/>\nUnterst\u00fctzt werde ich im Garten von unserem Sohn, der von klein auf mit mir drau\u00dfen irgendetwas buddelt. Wir sind nur selten unterschiedlicher Auffassung dar\u00fcber, was Unkraut ist und rausgezupft werden kann oder wie wir etwas gestalten.<br \/>\nJakob ist auch sehr begeistert davon, sich um unser Gem\u00fcse zu k\u00fcmmern \u2013 \u00fcberl\u00e4sst das Essen eben dieses dann doch lieber uns. Aber ich gebe nicht auf!<img loading=\"lazy\" class=\"size-medium wp-image-60 alignright\" src=\"http:\/\/www.biesdorf.de\/blog\/wp-content\/uploads\/2016\/07\/IMG_2658-Kopie-300x200.jpg\" alt=\"IMG_2658-Kopie\" width=\"300\" height=\"200\" srcset=\"http:\/\/www.biesdorf.de\/blog\/wp-content\/uploads\/2016\/07\/IMG_2658-Kopie-300x200.jpg 300w, http:\/\/www.biesdorf.de\/blog\/wp-content\/uploads\/2016\/07\/IMG_2658-Kopie-768x512.jpg 768w, http:\/\/www.biesdorf.de\/blog\/wp-content\/uploads\/2016\/07\/IMG_2658-Kopie-1024x683.jpg 1024w, http:\/\/www.biesdorf.de\/blog\/wp-content\/uploads\/2016\/07\/IMG_2658-Kopie-750x500.jpg 750w, http:\/\/www.biesdorf.de\/blog\/wp-content\/uploads\/2016\/07\/IMG_2658-Kopie.jpg 1620w\" sizes=\"(max-width: 300px) 100vw, 300px\" \/><br \/>\nMein lieber Mann Oli tr\u00e4gt meine Leidenschaft mit gro\u00dfer Geduld und akzeptiert die st\u00e4ndig neuen Projekte in unserem Garten. Er ist Meister darin, mir Dinge wie Baustoffe oder Helfer zu organisieren. Und nat\u00fcrlich f\u00e4hrt er mit gro\u00dfer Begeisterung unsere Mengen an Gr\u00fcnschnitt weg.<br \/>\nIn unserem Garten leben au\u00dferdem noch unsere vier Landschildkr\u00f6ten \u2013 wenigstens die freuen sich \u00fcber unsere Gem\u00fcseernte!<\/p>\n","protected":false},"excerpt":{"rendered":"<p>Mein BWL Studium ist nicht wirklich hilfreich f\u00fcr erfolgreiche Gartenarbeit \u2013 ausgenommen beim Erbsenz\u00e4hlen vielleicht. Aber vermutlich liegt es auch an meinem Beruf, dass ich Gartenarbeit zum Ausgleich brauche und <a href=\"http:\/\/www.biesdorf.de\/blog\/ueber-mich\/\" class=\"more-link\">[&hellip;]<\/a><\/p>\n","protected":false},"author":2,"featured_media":0,"parent":0,"menu_order":0,"comment_status":"closed","ping_status":"closed","template":"","meta":{"ngg_post_thumbnail":0,"Layout":""},"_links":{"self":[{"href":"http:\/\/www.biesdorf.de\/blog\/wp-json\/wp\/v2\/pages\/22"}],"collection":[{"href":"http:\/\/www.biesdorf.de\/blog\/wp-json\/wp\/v2\/pages"}],"about":[{"href":"http:\/\/www.biesdorf.de\/blog\/wp-json\/wp\/v2\/types\/page"}],"author":[{"embeddable":true,"href":"http:\/\/www.biesdorf.de\/blog\/wp-json\/wp\/v2\/users\/2"}],"replies":[{"embeddable":true,"href":"http:\/\/www.biesdorf.de\/blog\/wp-json\/wp\/v2\/comments?post=22"}],"version-history":[{"count":4,"href":"http:\/\/www.biesdorf.de\/blog\/wp-json\/wp\/v2\/pages\/22\/revisions"}],"predecessor-version":[{"id":129,"href":"http:\/\/www.biesdorf.de\/blog\/wp-json\/wp\/v2\/pages\/22\/revisions\/129"}],"wp:attachment":[{"href":"http:\/\/www.biesdorf.de\/blog\/wp-json\/wp\/v2\/media?parent=22"}],"curies":[{"name":"wp","href":"https:\/\/api.w.org\/{rel}","templated":true}]}}