{"id":33,"date":"2016-07-26T21:14:49","date_gmt":"2016-07-26T19:14:49","guid":{"rendered":"http:\/\/www.biesdorf.de\/blog\/?page_id=33"},"modified":"2021-04-08T18:20:40","modified_gmt":"2021-04-08T16:20:40","slug":"tag-der-offenen-gaerten","status":"publish","type":"page","link":"http:\/\/www.biesdorf.de\/blog\/tag-der-offenen-gaerten\/","title":{"rendered":"Tage der offenen G\u00e4rten"},"content":{"rendered":"<p>Seit einigen Jahren machen wir mit bei den\u00a0\u201eTagen der offenen G\u00e4rten und H\u00f6fe in Rheinhessen\u201c.<br \/>\nUrspr\u00fcnglich waren wir zu dieser Veranstaltung gerne als Besucher in anderen G\u00e4rten unterwegs. Durch die st\u00e4ndige Umgestaltung unseres eigenen Gartens kam uns dann irgendwann die Idee, unseren Garten auch zu \u00f6ffnen.<br \/>\nDenn uns ist vor allem wichtig zu zeigen, dass man in kurzer Zeit ohne allzu gro\u00dfen Aufwand einen tollen Garten hinbekommen kann. Und wir genie\u00dfen den Austausch mit den Besuchern.<\/p>\n<p><strong>Leider werden wir 2021 unseren Garten aufgrund der Corona Pandemie nicht \u00f6ffnen.<\/strong><\/p>\n<p>N\u00e4here Informationen gibt es unter: <a href=\"http:\/\/www.offene-gaerten-in-rheinhessen.de\/\" target=\"_blank\" rel=\"noopener noreferrer\">http:\/\/www.offene-gaerten-in-rheinhessen.de\/<\/a><br \/>\nEinen Parkplatz finden Sie unter <a href=\"https:\/\/www.google.de\/maps\/place\/Rhein-Nahe-Schule\/@49.949836,7.9139166,17z\/data=!4m2!3m1!1s0x0:0x64f511b7dd9e6a0c\" target=\"_blank\" rel=\"noopener noreferrer\">Parkplatz Rhein-Nahe Schule<\/a><\/p>\n","protected":false},"excerpt":{"rendered":"<p>Seit einigen Jahren machen wir mit bei den\u00a0\u201eTagen der offenen G\u00e4rten und H\u00f6fe in Rheinhessen\u201c. Urspr\u00fcnglich waren wir zu dieser Veranstaltung gerne als Besucher in anderen G\u00e4rten unterwegs. Durch die <a href=\"http:\/\/www.biesdorf.de\/blog\/tag-der-offenen-gaerten\/\" class=\"more-link\">[&hellip;]<\/a><\/p>\n","protected":false},"author":2,"featured_media":0,"parent":0,"menu_order":0,"comment_status":"closed","ping_status":"closed","template":"","meta":{"ngg_post_thumbnail":0,"Layout":""},"_links":{"self":[{"href":"http:\/\/www.biesdorf.de\/blog\/wp-json\/wp\/v2\/pages\/33"}],"collection":[{"href":"http:\/\/www.biesdorf.de\/blog\/wp-json\/wp\/v2\/pages"}],"about":[{"href":"http:\/\/www.biesdorf.de\/blog\/wp-json\/wp\/v2\/types\/page"}],"author":[{"embeddable":true,"href":"http:\/\/www.biesdorf.de\/blog\/wp-json\/wp\/v2\/users\/2"}],"replies":[{"embeddable":true,"href":"http:\/\/www.biesdorf.de\/blog\/wp-json\/wp\/v2\/comments?post=33"}],"version-history":[{"count":14,"href":"http:\/\/www.biesdorf.de\/blog\/wp-json\/wp\/v2\/pages\/33\/revisions"}],"predecessor-version":[{"id":804,"href":"http:\/\/www.biesdorf.de\/blog\/wp-json\/wp\/v2\/pages\/33\/revisions\/804"}],"wp:attachment":[{"href":"http:\/\/www.biesdorf.de\/blog\/wp-json\/wp\/v2\/media?parent=33"}],"curies":[{"name":"wp","href":"https:\/\/api.w.org\/{rel}","templated":true}]}}